{"id":7469,"date":"2013-07-31T09:07:16","date_gmt":"2013-07-31T08:07:16","guid":{"rendered":"http:\/\/vaeter-und-karriere.de\/blog\/?page_id=7469"},"modified":"2018-11-05T20:45:04","modified_gmt":"2018-11-05T20:45:04","slug":"impressum","status":"publish","type":"page","link":"https:\/\/vaeter-und-karriere.de\/blog\/index.php\/impressum\/","title":{"rendered":"Impressum"},"content":{"rendered":"<p><strong>Verantwortlich im Sinne des Presserechts<br \/>\n<\/strong><br \/>\nHans-Georg Nelles<br \/>\nVolmerswerther Stra\u00dfe 41<br \/>\n40221 D\u00fcsseldorf<br \/>\nTel.: 0211 2606014<\/p>\n<p><strong>Redaktion<\/strong><br \/>\n<a href=\"mailto:nelles@vaeter-und-karriere.de\" target=\"_blank\">Hans-Georg Nelles<\/a><\/p>\n<p>www.vaeterblog.de ist ein privates Projekt, das die gesellschaftliche Diskussion zum Thema V\u00e4ter, Vaterschaft und M\u00e4nnlichkeit dokumentieren und M\u00e4nner, sei es als V\u00e4ter oder Verantwortliche in Unternehmen, ermutigen m\u00f6chte, ihre W\u00fcnsche und Vorstellungen von einem &#8218;guten Leben&#8216; auch umzusetzen.<\/p>\n<p><strong>Rechtliche Hinweise<\/strong><br \/>\nEine  Vervielf\u00e4ltigung der auf diesen Seiten angebotenen Dateien, Texte,  Grafiken oder anderer Elemente auf jegliches Medium bedarf der direkten  Zustimmung durch die jeweiligen AutorInnen. Die Darstellung einer Seite  aus diesem Dienst in einem Frame einer fremden Seite oder das Darstellen  von Inhalten dieses Dienstes als eigene Information ist nach Zustimmung  von vaeterblog.de erlaubt. F\u00fcr Artikel und Beitr\u00e4ge auf den  vaeterblog.de &#8211; Seiten sind die jeweiligen AutorInnen  verantwortlich.<\/p>\n<p>Diese Artikel und Beitr\u00e4ge stellen die Meinung des  Autors\/ der Autorin dar und spiegeln nicht grunds\u00e4tzlich die Meinung des  Seitenbetreibers vaeterblog.de wider. Bei einer Verletzung von  fremdem Urheberrecht oder sonstiger Rechte durch den Seitenbetreiber  oder eines Autors\/ einer Autorin ist auf die Verletzung per eMail  hinzuweisen. Bei Bestehen einer Verletzung wird diese umgehend  beseitigt.<\/p>\n<p><strong>Disclaimer<\/strong><br \/>\nVon etwaigen illegalen,  pers\u00f6nlichkeitsverletzenden, moralisch oder ethisch anst\u00f6\u00dfigen Inhalten  distanzieren wir uns in aller Deutlichkeit. Bitte informieren Sie uns,  wenn sich auf unseren Seiten ein solches Element befindet.  vaeterblog.de ist f\u00fcr eigene Inhalte, die wir bereithalten,  nach allgemeinen Gesetzen verantwortlich. Neben eigenen Inhalten werden  von den Benutzern des Forums dynamische Inhalte generiert, f\u00fcr die  vaeter-und-karriere.de nur verantwortlich ist, wenn  vaeter-und-karriere.de eine positive Kenntnis vorliegt und es technisch  m\u00f6glich und zumutbar ist, deren Nutzung zu verhindern (\u00a75 Abs.2 TDG).<\/p>\n<p><strong>Disclaimer Erg\u00e4nzung<\/strong><br \/>\nMit  Urteil vom 12.Mai 1998 hat das Landgericht Hamburg entschieden, dass  man durch die Ausbringung eines Links die Inhalte der gelinkten Seite  ggf. mit zu verantworten hat. Dies kann, so das LG, nur dadurch  verhindert werden, dass man sich ausdr\u00fccklich von diesen Inhalten  distanziert. Wir haben auf unseren Seiten Links zu anderen Inhalten  gelegt. F\u00fcr diese Links gilt: vaeterblog.de erkl\u00e4rt  ausdr\u00fccklich, dass es keinerlei Einfluss auf die Gestaltung und die  Inhalte der gelinkten Seiten hat. Deshalb distanziert sich  vaeterblog.de hiermit ausdr\u00fccklich von allen Inhalten aller  gelinkten Seiten auf vaeterblog.de und macht sich diese Inhalte  nicht zu Eigen. Diese Erkl\u00e4rung gilt f\u00fcr alle auf  vaeterblog.de angezeigten Links und f\u00fcr alle Inhalte der  Seiten.<\/p>\n<p><strong>Copyright-Erkl\u00e4rung<\/strong><br \/>\nDie auf  vaeterblog.de verwendeten Grafiken unterliegen dem Copyright  der jeweiligen ErstellerInnen und erfordern zur Weiterverwendung deren  Zustimmung. Im Besonderen ist die Weiterverwendung von Grafiken der  vaeterblog.de Webseite sowie von Logo- und Buttongrafiken nur  mit Zustimmung der UrheberInnen m\u00f6glich.<\/p>\n<p><strong>Salvatorische Klausel<\/strong><br \/>\nSollte  aus irgendwelchen Gr\u00fcnden eine der vorstehenden Bedingungen ung\u00fcltig  sein, so wird die Wirksamkeit der anderen Bestimmungen davon nicht  ber\u00fchrt.<\/p>\n","protected":false},"excerpt":{"rendered":"<p>Verantwortlich im Sinne des Presserechts Hans-Georg Nelles Volmerswerther Stra\u00dfe 41 40221 D\u00fcsseldorf Tel.: 0211 2606014 Redaktion Hans-Georg Nelles www.vaeterblog.de ist ein privates Projekt, das die gesellschaftliche Diskussion zum Thema V\u00e4ter, Vaterschaft und M\u00e4nnlichkeit dokumentieren und M\u00e4nner, sei es als V\u00e4ter oder Verantwortliche in Unternehmen, ermutigen m\u00f6chte, ihre W\u00fcnsche und Vorstellungen von einem &#8218;guten Leben&#8216; auch [&hellip;]<\/p>\n","protected":false},"author":1,"featured_media":0,"parent":0,"menu_order":0,"comment_status":"open","ping_status":"open","template":"","meta":[],"_links":{"self":[{"href":"https:\/\/vaeter-und-karriere.de\/blog\/index.php\/wp-json\/wp\/v2\/pages\/7469"}],"collection":[{"href":"https:\/\/vaeter-und-karriere.de\/blog\/index.php\/wp-json\/wp\/v2\/pages"}],"about":[{"href":"https:\/\/vaeter-und-karriere.de\/blog\/index.php\/wp-json\/wp\/v2\/types\/page"}],"author":[{"embeddable":true,"href":"https:\/\/vaeter-und-karriere.de\/blog\/index.php\/wp-json\/wp\/v2\/users\/1"}],"replies":[{"embeddable":true,"href":"https:\/\/vaeter-und-karriere.de\/blog\/index.php\/wp-json\/wp\/v2\/comments?post=7469"}],"version-history":[{"count":4,"href":"https:\/\/vaeter-und-karriere.de\/blog\/index.php\/wp-json\/wp\/v2\/pages\/7469\/revisions"}],"predecessor-version":[{"id":7471,"href":"https:\/\/vaeter-und-karriere.de\/blog\/index.php\/wp-json\/wp\/v2\/pages\/7469\/revisions\/7471"}],"wp:attachment":[{"href":"https:\/\/vaeter-und-karriere.de\/blog\/index.php\/wp-json\/wp\/v2\/media?parent=7469"}],"curies":[{"name":"wp","href":"https:\/\/api.w.org\/{rel}","templated":true}]}}