{"id":5392,"date":"2011-10-14T13:05:14","date_gmt":"2011-10-14T12:05:14","guid":{"rendered":"http:\/\/vaeter-und-karriere.de\/blog\/?page_id=5392"},"modified":"2019-10-29T08:17:23","modified_gmt":"2019-10-29T08:17:23","slug":"papamotion","status":"publish","type":"page","link":"https:\/\/vaeter-und-karriere.de\/blog\/index.php\/papamotion\/","title":{"rendered":"LAG V\u00e4terarbeit in NRW"},"content":{"rendered":"<p>Die Landesarbeitsgemeinschaft V\u00e4terarbeit in Nordrhein-Westfalen wurde am 8. Januar 2016 von 35 M\u00e4nnern und Frauen aus 22 verschiedenen Organisationen gegr\u00fcndet und versteht sich als Schnittstelle zwischen den <a href=\"https:\/\/www.lag-vaeterarbeit.nrw\/mitglieder\/\">Initiativen vor Ort<\/a>\u00a0und den landespolitischen Entscheider*innen. Wir wollen erreichen, dass der Sinn und Vielfalt von <a href=\"https:\/\/www.lag-vaeterarbeit.nrw\/vaeterarbeit\/\">V\u00e4terarbeit<\/a>\u00a0st\u00e4rker bekannt und dass V\u00e4ter-Politik st\u00e4rker als gesellschaftliche Querschnittsaufgabe wahrgenommen wird. Insbesondere in den Bereichen Familien- und Gleichstellungspolitik, Bildungs-, Rechts-, Arbeits- und Sozialpolitik m\u00f6chte die LAG V\u00e4terarbeit NRW aktiv werden. Der <a href=\"https:\/\/www.lag-vaeterarbeit.nrw\/der-vorstand\/\">Vorstand setzt sich aus Akteuren<\/a> gro\u00dfer und kleiner Vereine zusammen.<\/p>\n","protected":false},"excerpt":{"rendered":"<p>Die Landesarbeitsgemeinschaft V\u00e4terarbeit in Nordrhein-Westfalen wurde am 8. Januar 2016 von 35 M\u00e4nnern und Frauen aus 22 verschiedenen Organisationen gegr\u00fcndet und versteht sich als Schnittstelle zwischen den Initiativen vor Ort\u00a0und den landespolitischen Entscheider*innen. Wir wollen erreichen, dass der Sinn und Vielfalt von V\u00e4terarbeit\u00a0st\u00e4rker bekannt und dass V\u00e4ter-Politik st\u00e4rker als gesellschaftliche Querschnittsaufgabe wahrgenommen wird. Insbesondere in [&hellip;]<\/p>\n","protected":false},"author":1,"featured_media":0,"parent":0,"menu_order":0,"comment_status":"open","ping_status":"open","template":"","meta":[],"_links":{"self":[{"href":"https:\/\/vaeter-und-karriere.de\/blog\/index.php\/wp-json\/wp\/v2\/pages\/5392"}],"collection":[{"href":"https:\/\/vaeter-und-karriere.de\/blog\/index.php\/wp-json\/wp\/v2\/pages"}],"about":[{"href":"https:\/\/vaeter-und-karriere.de\/blog\/index.php\/wp-json\/wp\/v2\/types\/page"}],"author":[{"embeddable":true,"href":"https:\/\/vaeter-und-karriere.de\/blog\/index.php\/wp-json\/wp\/v2\/users\/1"}],"replies":[{"embeddable":true,"href":"https:\/\/vaeter-und-karriere.de\/blog\/index.php\/wp-json\/wp\/v2\/comments?post=5392"}],"version-history":[{"count":6,"href":"https:\/\/vaeter-und-karriere.de\/blog\/index.php\/wp-json\/wp\/v2\/pages\/5392\/revisions"}],"predecessor-version":[{"id":9861,"href":"https:\/\/vaeter-und-karriere.de\/blog\/index.php\/wp-json\/wp\/v2\/pages\/5392\/revisions\/9861"}],"wp:attachment":[{"href":"https:\/\/vaeter-und-karriere.de\/blog\/index.php\/wp-json\/wp\/v2\/media?parent=5392"}],"curies":[{"name":"wp","href":"https:\/\/api.w.org\/{rel}","templated":true}]}}