{"id":245,"date":"2007-01-06T20:04:21","date_gmt":"2007-01-06T18:04:21","guid":{"rendered":"http:\/\/vaeter-und-karriere.de\/blog\/index.php\/newsletter\/"},"modified":"2016-04-20T20:29:23","modified_gmt":"2016-04-20T20:29:23","slug":"newsletter","status":"publish","type":"page","link":"https:\/\/vaeter-und-karriere.de\/blog\/index.php\/newsletter\/","title":{"rendered":"Newsletter"},"content":{"rendered":"<p>Unser Newsletter informiert Sie regelm\u00e4\u00dfig \u00fcber:<\/p>\n<p>&#8211; aktuelle Tipps zu einer familien- und v\u00e4terbewussten Personalpolitik<br \/>\n&#8211; neue Forschungsergebnisse zum Thema &#8218;V\u00e4ter &amp; Karriere&#8216;<br \/>\n&#8211; Erfahrungen und gute Beispiele aus der Praxis<br \/>\n&#8211; Hinweise auf\u00a0 Termine und Veranstaltungen zum Thema aktive Vaterschaft<\/p>\n<p>Newsletter <a href=\"http:\/\/vaeter-und-karriere.de\/downloads\/vaeter--karriere-newsletter-1-2016_web.pdf\" target=\"_blank\">1-2016<\/a> ist am 13. April erschienen<\/p>\n<p>Der n\u00e4chste Newsletter erscheint im Juni 2016.<\/p>\n<p>Bitte senden Sie uns eine <a class=\"link\" href=\"mailto:newsletter@vaeter-und-karriere.de?subject=Newsletter%20abonnieren\" target=\"_blank\">Mail<\/a>, wenn Sie den Newsletter abonnieren m\u00f6chten.<\/p>\n<p>Der Newsletter erscheint ca. 4 mal pro Jahr.<\/p>\n<p>Im <a href=\"http:\/\/vaeter-und-karriere.de\/newsletter\/newsletter-archiv\/index.php\" target=\"_blank\">Newsletter Archiv<\/a> k\u00f6nnen Sie bereits erschienene Newsletter als pdf\u00a0 Dateien downloaden<\/p>\n","protected":false},"excerpt":{"rendered":"<p>Unser Newsletter informiert Sie regelm\u00e4\u00dfig \u00fcber: &#8211; aktuelle Tipps zu einer familien- und v\u00e4terbewussten Personalpolitik &#8211; neue Forschungsergebnisse zum Thema &#8218;V\u00e4ter &amp; Karriere&#8216; &#8211; Erfahrungen und gute Beispiele aus der Praxis &#8211; Hinweise auf\u00a0 Termine und Veranstaltungen zum Thema aktive Vaterschaft Newsletter 1-2016 ist am 13. April erschienen Der n\u00e4chste Newsletter erscheint im Juni 2016. [&hellip;]<\/p>\n","protected":false},"author":1,"featured_media":0,"parent":0,"menu_order":0,"comment_status":"open","ping_status":"open","template":"","meta":[],"_links":{"self":[{"href":"https:\/\/vaeter-und-karriere.de\/blog\/index.php\/wp-json\/wp\/v2\/pages\/245"}],"collection":[{"href":"https:\/\/vaeter-und-karriere.de\/blog\/index.php\/wp-json\/wp\/v2\/pages"}],"about":[{"href":"https:\/\/vaeter-und-karriere.de\/blog\/index.php\/wp-json\/wp\/v2\/types\/page"}],"author":[{"embeddable":true,"href":"https:\/\/vaeter-und-karriere.de\/blog\/index.php\/wp-json\/wp\/v2\/users\/1"}],"replies":[{"embeddable":true,"href":"https:\/\/vaeter-und-karriere.de\/blog\/index.php\/wp-json\/wp\/v2\/comments?post=245"}],"version-history":[{"count":46,"href":"https:\/\/vaeter-und-karriere.de\/blog\/index.php\/wp-json\/wp\/v2\/pages\/245\/revisions"}],"predecessor-version":[{"id":2187,"href":"https:\/\/vaeter-und-karriere.de\/blog\/index.php\/wp-json\/wp\/v2\/pages\/245\/revisions\/2187"}],"wp:attachment":[{"href":"https:\/\/vaeter-und-karriere.de\/blog\/index.php\/wp-json\/wp\/v2\/media?parent=245"}],"curies":[{"name":"wp","href":"https:\/\/api.w.org\/{rel}","templated":true}]}}