{"id":1626,"date":"2009-03-09T19:15:09","date_gmt":"2009-03-09T18:15:09","guid":{"rendered":"http:\/\/vaeter-und-karriere.de\/blog\/?page_id=1626"},"modified":"2014-02-07T11:16:55","modified_gmt":"2014-02-07T11:16:55","slug":"termine","status":"publish","type":"page","link":"https:\/\/vaeter-und-karriere.de\/blog\/index.php\/termine\/","title":{"rendered":"Veranstaltungen"},"content":{"rendered":"<p>An dieser Stelle finden Sie Hinweise auf Veranstaltungen, die von &#8218;V\u00e4ter &amp; Karriere&#8216; und anderen Anbietern zu den Themen: M\u00e4nner, V\u00e4ter, Arbeit und Leben und &#8218;v\u00e4terbewusster Personalpolitik&#8216; durchgef\u00fchrt werden:<\/p>\n<p><strong>2014<\/strong><\/p>\n<p>19. November 2014 &#8222;<a href=\"http:\/\/www.impulstagung.de\" target=\"_blank\">5. Impulstagung<\/a>&#8220; des Aktionsforums M\u00e4nner und Leben in Frankfurt, Haus am Dom<\/p>\n<p>19. und 20. September 2014 &#8222;<a href=\"http:\/\/www.maennerkongress2014.de\/index.php\/mk2014\/mk2014programm\" target=\"_blank\">3. M\u00e4nnertagung &#8211; Seelische Beeintr\u00e4chtigungen bei Jungen und M\u00e4nnern<\/a>&#8220; Universit\u00e4t D\u00fcsseldorf<\/p>\n<p>8. und 9. Mai 2014 &#8222;<a href=\"http:\/\/www.koordination-maennerinkitas.de\/tagung\" target=\"_blank\">M\u00e4nner und Gender in Kitas, der Blick zur\u00fcck nach vorn<\/a>&#8220; Berlin, Kalkscheune<\/p>\n<p>3. und 4. Mai 2014 &#8222;<a href=\"http:\/\/www.mannsein-duerfen.de\" target=\"_blank\">Mann sein d\u00fcrfen<\/a>&#8220; Konferenz in Berlin<\/p>\n<p>28. M\u00e4rz 2014\u00a0<strong> <\/strong>\u201e<a href=\"http:\/\/www.maennergesundheitsportal.de\/?id=Seite5019\" target=\"_blank\">Man(n)  informiert sich \u2013 Fragen und Antworten zur M\u00e4nnergesundheit<\/a>\u201c 2. gemeinsamer  M\u00e4nnergesundheitskongress, Berlin<strong><\/strong><\/p>\n<p>22. M\u00e4rz 2014<strong> <\/strong>&#8218;<a href=\"http:\/\/www.maennerleben.com\" target=\"_blank\">M\u00e4nnerLeben<\/a>&#8218; 18. Kongressf\u00fcr Lebenskunst und Gesundheit, Esslingen<strong><br \/>\n<\/strong><\/p>\n<p>8. M\u00e4rz 2014 &#8222;<a href=\"http:\/\/maennerkulturtag.de\/cms\/front_content.php?idart=103&amp;lang=1\" target=\"_blank\">12 Bremer M\u00e4nnerkulturtag<\/a>&#8220; Forum Kirche, Bremen<\/p>\n<p>19. und 20. Februar 2014 <a href=\"http:\/\/www.nuernberg.de\/imperia\/md\/buendnis_fuer_familie\/dokumente\/forum13.pdf \" target=\"_blank\">\u201eDie V\u00e4terdiskussion \u2013 Ans\u00e4tze f\u00fcr ein neues Verst\u00e4ndnis\u201c<\/a>, N\u00fcrnberg<\/p>\n<p>13. und 14. Februar 2014 &#8222;<a href=\"mailto:andrea.winsel@kircheundgesellschaft.de\" target=\"_blank\">Irgendwie anders &#8211; M\u00e4nner in Kitas<\/a>&#8220; Tagungshaus &#8222;<a href=\"http:\/\/www.die-wolfsburg.de\" target=\"_blank\">Die Wolfsburg<\/a>&#8222;, M\u00fclheim<\/p>\n<p>29. und 30. Januar &#8222;<a href=\"http:\/\/www.ev-akademie-boll.de\/index.php?id=142&amp;tagungsid=410814\" target=\"_blank\">M\u00e4nner &#8211; souver\u00e4n im Stress? Aktuelle Trends in der M\u00e4nnergesundheit<\/a>&#8220; Evangelische Akademie Bad Boll<\/p>\n<p>21. und 22. Januar 2014 &#8222;Neue Lebenskonzepte f\u00fcr \u00e4ltere M\u00e4nner&#8220; in G\u00f6ttingen<\/p>\n<p><strong>2012<\/strong><\/p>\n<p>17. M\u00e4rz 2012 &#8222;<a href=\"http:\/\/www.maennerleben.com\" target=\"_blank\">15. Kongress M\u00e4nnerLeben<\/a>&#8220; in der VHS Esslingen<\/p>\n<p>10. M\u00e4rz 2012 &#8222;<a href=\"http:\/\/maennerkulturtag.de\/cms\/front_content.php?idart=103&amp;lang=1\" target=\"_blank\">Bremer M\u00e4nnerkulturtag<\/a>&#8220; Forum Kirche in Bremen<\/p>\n<p>10. Februar 2012 &#8222;Aktive Vaterschaft &#8211; erforscht, erw\u00fcnscht, erledigt?&#8220; Fachtagung des MFKJKS in Essen<\/p>\n<p>3. Februar 2012 &#8222;<a href=\"http:\/\/www.maenner-online.de\/Fachtagung_Pflege.pdf\" target=\"_blank\">M\u00e4nner in der Pflege<\/a>&#8220; Fachtagung in der Konrad Adenauer Stiftung Berlin<\/p>\n<p><strong>2011<\/strong><\/p>\n<p>16. November 2011 &#8222;<a href=\"http:\/\/www.impulstagung.de\" target=\"_blank\">Vielfalt &#8211; Mehr Leben ins M\u00e4nnerleben<\/a>&#8220; 4. Impulstagung des Aktionsforums M\u00e4nner und Leben, Haus am Dom, Frankfurt<\/p>\n<p>22. bis 24. September 2011 &#8222;<a href=\"http:\/\/www.franz-hitze-haus.de\/index.php?cat_id=10844&amp;myELEMENT=Kursanzeige&amp;seminarnummer=11-425%20AT&amp;title=Vaterlosigkeit%20in%20vaterarmen%20Zeiten\" target=\"_blank\">Vaterlosigkeit in vaterarmen Zeiten<\/a>&#8220; Tagung in der <a href=\"http:\/\/www.franz-hitze-haus.de\/\" target=\"_blank\">Akademie Franz Hinze Haus<\/a>, M\u00fcnster<\/p>\n<p>21. September 2011 &#8222;Mit V\u00e4tern gewinnen! &#8211; Was einen v\u00e4terbewussten Betrieb ausmacht und warum dort auch Frauen Karriere machen&#8220; Stadtwerke Bielefeld<\/p>\n<p>20. Juli 2011 Fachtagung &#8222;<a href=\"http:\/\/www.vafk-koeln.de\/fachtagung\" target=\"_blank\">Umgang sicherstellen \u2013 Vaterlosigkeit verhindern<\/a>&#8220; beim Landschaftverband Rheinland in K\u00f6ln<\/p>\n<p>28. Juni 2011 &#8222;<span style=\"font-size: 10pt; font-family: &quot;Tahoma&quot;,&quot;sans-serif&quot;;\">European Fathers Congress&#8220; in Br\u00fcssel<br \/>\n<\/span><\/p>\n<p>14. bis 22. Juni 2011 \u201e<a href=\"http:\/\/vaeter-und-karriere.de\/assets\/maenner-sinn.pdf\" target=\"_blank\">M\u00e4nner Sinn Reise<\/a>\u201c Seminar in Schweden, V\u00e4ternetz Niedersachsen<\/p>\n<p>30. Mai 2011 &#8222;<a href=\"http:\/\/www.ev-akademie-boll.de\/index.php?id=142&amp;tagungsid=311311\" target=\"_blank\">Fachtag Jungengesundheit &#8211; Fit f\u00fcr ein gesundes M\u00e4nnerleben<\/a>&#8220; in der ev Akademie Bad Boll<\/p>\n<p>28. Mai 2011 Fachtagung &#8218;<a href=\"http:\/\/www.hessenstiftung.de\/files\/1020_vaeter-kinder-erlebnistage_fr_webansicht3.pdf \" target=\"_blank\">Wie V\u00e4ter navigieren &#8211; V\u00e4ter zwischen Familie, Beruf und Gesundheit<\/a>&#8218; im <a href=\"http:\/\/osterberginstitut.de\" target=\"_blank\">Osterberg Institut<\/a>, Niederkleveez<\/p>\n<p>12. Mai 2011 Podiumsdiskussion &#8218; M\u00e4nner im Aufbruch &#8211; Die Vaterrolle im Wandel&#8216;\u00a0 von 19:00 bis 21:00 Uhr in der Berger Kirche D\u00fcsseldorf<\/p>\n<p>25. bis 26. M\u00e4rz 2011 &#8218;<a href=\"http:\/\/www.maennerinkitas.de\/cms\/\" target=\"_blank\">M\u00e4nner in KiTas<\/a>&#8218; dritte Bundestagung f\u00fcr M\u00e4nner im Elementarbereich, Fachhochschule K\u00f6ln<\/p>\n<p>9. M\u00e4rz 2011 \u201a<a href=\"http:\/\/maennerkulturtag.de\" target=\"_blank\">Immer mit der Ruhe<\/a>\u2019 9. Bremer M\u00e4nnerkulturtag(e)<\/p>\n<p>18. Februar 2011 &#8218;<a href=\"http:\/\/gender.verdi.de\/data\/flyer-fachtagung-der-vaeterfreundliche-betrieb-mit-anmeldedetails.pdf\" target=\"_blank\">Der v\u00e4terfreundliche Betrieb &#8211; Praxiserfahrungen von betrieblichen Interessenvertretungen<\/a>&#8218; ver.di Bundesverwaltung, Berlin<\/p>\n<p>15. Januar 2011 \u201e<a href=\"http:\/\/vaeter-und-karriere.de\/assets\/mann-bleibt-vater-15.1.2011.pdf\" target=\"_blank\">Man(n) bleibt Vater &#8211; auch nach der Trennung<\/a>\u201c Impulstag, Evangelisches M\u00e4nnerwerk in Bayern, N\u00fcrnberg<\/p>\n<p><strong>2010<\/strong><\/p>\n<p>26. November Lokales B\u00fcndnis f\u00fcr Familie K\u00f6ln &#8218;<a href=\"http:\/\/vaeter-und-karriere.de\/assets\/mut-zum-vaetertrend-koeln-26.11.2010.pdf\" target=\"_blank\">Mut zum V\u00e4tertrend &#8211; Wettbewerbsvorteil f\u00fcr Unternehmen?<\/a>&#8218; Industrie- und Handelskammer, K\u00f6ln<\/p>\n<p>25. November 2010 &#8218;Eltern in der Mitte der Gesellschaft&#8216; 4. <a href=\"http:\/\/www.frankfurter-buendnis-fuer-familien.de\/47.0.html\" target=\"_blank\">Frankfurter Familienkongress<\/a>, Haus am Dom, Frankfurt<\/p>\n<p>23. November 2010 &#8218;<a href=\"http:\/\/www.hessenstiftung.de\/files\/2010-09-13_vtertagung_flyer4.pdf \" target=\"_blank\">Neue V\u00e4ter hat das Land?!<\/a>&#8218; Fachtagung in der Fachhochschule Frankfurt am Main<\/p>\n<p>17. November 2010 &#8218;<a href=\"http:\/\/vaeter-und-karriere.de\/assets\/-einladung-vaeter_low.pdf\" target=\"_blank\">F\u00fchren mit V\u00e4terkompetenzen -Ergebnisse und Konsequenzen der Befragung von F\u00fchrungskr\u00e4ften<\/a>&#8218; Stadtwerke Bielefeld<span style=\"font-size: x-small;\"><span style=\"font-size: 10pt; font-family: Verdana;\"><br \/>\n<\/span><\/span><\/p>\n<p>13. November 2010 &#8218;<a href=\"http:\/\/www.wirsindsleid.de\/html\/plattform.html\" target=\"_blank\">M\u00e4nner &#8211; T\u00e4ter und Opfer von Gewalt<\/a>&#8218; Leibniz Haus, Hannover<\/p>\n<p>12. November 2010 Fachtagung\u00a0 &#8218;<a href=\"http:\/\/www.diakonie-rwl.de\/index.php\/sID\/57668a7135bb1a9781cb0eeec76d6163\/lan\/de\/xtra\/efd61db6abee8f68109113a86a171acc\/evnt\/907238493821\/itt\/Vaeter_in_Familienzentren\/index.html \" target=\"_blank\">V\u00e4ter in Familienzentren<\/a>&#8218; Reinoldinum, Dortmund<\/p>\n<p>11. November &#8218;<a href=\"http:\/\/vaeter-und-karriere.de\/assets\/flyer_doppelpack_11.11.2010_stand-13.09.2010.pdf\" target=\"_blank\">Doppelpack &#8211; Wie M\u00e4nner Frauen und Frauen sich selbst beim beruflichen Wiedereinstieg behindern<\/a>\u2019, Zeche Karl, Essen<\/p>\n<p>10. November 2010, &#8218;<a href=\"http:\/\/www.hessenstiftung.de\/files\/flyer_mnner_unter_druck_21.09.2010_0.pdf \" target=\"_blank\">M\u00e4nner unter Druck \u2013 Geschlechterspezifische Verarbeitung von Krisen und M\u00f6glichkeiten der Pr\u00e4vention<\/a>&#8218;, Haus am Dom, Frankfurt<\/p>\n<p>8. November 2010 &#8218;<a href=\"http:\/\/gender.verdi.de\/data\/flyer-fachtagung-der-vaeterfreundliche-betrieb-mit-anmeldedetails.pdf\" target=\"_blank\">Der v\u00e4terfreundliche Betrieb &#8211; Praxiserfahrungen von betrieblichen Interessenvertretungen<\/a>&#8218; ver.di Bundesverwaltung, Berlin<\/p>\n<p>4. November 2010 &#8218;<a href=\"http:\/\/www.vaeter-in-niedersachsen.de\/index.cfm?uuid=5871065BC2975CC8A476A307C661AB80\" target=\"_blank\"> Werkstattgespr\u00e4ch V\u00e4ter &#8211; Eltern &#8211; Zeit<\/a>&#8218; Katholische Familien Bildungsst\u00e4tte, Osnabr\u00fcck<\/p>\n<p>4. November 2010 &#8218;<a href=\"http:\/\/www.bundesforum-maenner.de\" target=\"_blank\">Gr\u00fcndungsversammlung Bundesforum &#8211; M\u00e4nner<\/a>&#8218; Katholische Akademie, Berlin<\/p>\n<p>3. November 2010 &#8218;<a href=\"http:\/\/vaeter-und-karriere.de\/assets\/einladung-zum-nordlicht-werkstattgespraech-id-.pdf\" target=\"_blank\">Mit v\u00e4terfreundlichen Arbeitsbedingungen dem Fachkr\u00e4ftemangel wirksam begegnen?<\/a>&#8218; Werkstattgespr\u00e4ch, Dialog im Dunkeln, Hamburg<\/p>\n<p>28. Oktober 2010 &#8218;<a href=\"http:\/\/www.duesseldorf.de\/gleichstellung\/download\/inforum_2010.pdf\" target=\"_blank\">Beruf und Familie im Einklang<\/a>&#8218; Maxhaus, D\u00fcsseldorf<\/p>\n<p>25. Oktober 2010 &#8218;<a href=\"http:\/\/www.diakonie-duesseldorf.de\/Fachtag-Caring-Dads.324.0.html\" target=\"_blank\">Caring Dads &#8211; Neue Ans\u00e4tze in der Arbeit mit V\u00e4tern<\/a>&#8218;, Diakonie, D\u00fcsseldorf<\/p>\n<p>25. Oktober\u00a0 &#8218;<a href=\"http:\/\/www.koordination-maennerinkitas.de\" target=\"_blank\">Mehr M\u00e4nner in Kitas! Aber wie?<\/a>&#8218; Konferenzzentrum Heinrich B\u00f6ll Stiftung, Berlin<\/p>\n<p>15. bis 16. Oktober &#8218;<a href=\"http:\/\/liga-kind.de\/algemein\/jt_2010.php\" target=\"_blank\">V\u00e4ter in neuer Verantwortung<\/a>&#8218; Akademie der bildenden K\u00fcnste, M\u00fcnchen<\/p>\n<p>8. Oktober &#8218;<a href=\"http:\/\/www.hlz.hessen.de\/irj\/HLZ_Internet?rid=HStK_15\/HLZ_Internet\/nav\/224\/22440647-b500-5a11-4fbf-1b144e9169fc,82624910-e606-a217-9cda-ae2389e48185,,,11111111-2222-3333-4444-100000005003%26overview=true.htm&amp;uid=22440647-b500-5a11-4fbf-1b144e9169fc \" target=\"_blank\">Alleinerziehenden Kongress<\/a>&#8218; mit V\u00e4ter Workshop, Congress Park, Hanau<\/p>\n<p>27. April 2010 &#8218;<a href=\"http:\/\/www.doodle.com\/d5v49igtx2yyk6sq\" target=\"_blank\">FAMILIE 2.0 \u2013 neue V\u00e4ter und alte Gewohnheiten<\/a>&#8218; Fachhoschule Vorarlberg (<a href=\"http:\/\/www.fhv.at\/veranstaltungen\" target=\"_blank\">FHV<\/a>), Dornbirn<\/p>\n<p>23. bis 24. April 2010 &#8218;<a href=\"http:\/\/gwi-boell.de\/de\/nav\/22_2291.htm\" target=\"_blank\">Deutschland sucht den &#8222;Super Papa&#8220;<\/a>&#8220;\u00a0 Impulse f\u00fcr eine moderne V\u00e4terpolitik, Fachhochschule\u00a0 K\u00f6ln<\/p>\n<p>23. April 2010 &#8218;<a href=\"http:\/\/files.messe.de\/cmsdb\/D\/001\/21276.pdf\" target=\"_blank\">WoMenPower<\/a>&#8218; im Rahmen der Hannover Messe<\/p>\n<p>18. bis 20. M\u00e4rz 2010 &#8218;<a href=\"http:\/\/www.netzwerk-maennergesundheit.de\/\" target=\"_blank\">Jungen die unbekannten M\u00e4nner<\/a>&#8218; Jahrestreffen des Netzwerks M\u00e4nergesundheit in D\u00fcsseldorf<\/p>\n<p>11. M\u00e4rz 2010 &#8218;<a href=\"http:\/\/www.mestemacher.de\/social-marketing\/spitzenvater-des-jahres\" target=\"_blank\">5. Auszeichnung Spitzenvater des Jahres<\/a>&#8218; in Berlin<\/p>\n<p>23. Februar 2010 &#8218;<a href=\" http:\/\/trendquest.eu\/on\/Zukunfts-Konferenz-am-23.02.2010-Familie,-Kinder,...-Partner-Gesellschaft-334.html\" target=\"_blank\">Zukunfts-Konferenz\u00a0 Familie, Kinder,&#8230; Partner Gesellschaft<\/a>?&#8216; in Hamburg<\/p>\n<p>19. bis 20. Februar 2010 &#8218;<a href=\"http:\/\/www.maennerkongress2010.de\/\" target=\"_blank\">Neue M\u00e4nner muss das sein?<\/a>&#8218; \u00fcber den m\u00e4nnlichen Umgang mit Gef\u00fchlen, Universit\u00e4t D\u00fcsseldorf<\/p>\n<p>20. und 21. Januar 2010 <a href=\"http:\/\/seminars.eipa.eu\/en\/activities09\/show\/&amp;tid=3573\" target=\"_blank\">&#8218;Fatherhood and Equality Policies: Challenges and Innovative Approaches for Ministries, HR Departments and Public Employees in Europe<\/a>&#8218; Maastricht<\/p>\n<p>15. Januar 2010 &#8218;<a href=\"http:\/\/www.karlsruhe.de\/fb4\/personengruppen\/familienbuendnis\/vaetervorbilder\" target=\"_blank\">V\u00e4terVorBilder &#8211; M\u00e4nnerkarrieren in Beruf UND Familie<\/a>&#8218; Handwerkskammer Karlsruhe<\/p>\n<p><strong>2009<\/strong><\/p>\n<p>3.12.2009 &#8218;<a href=\"http:\/\/www.gleichstellung.bs.ch\/vaeter_kommen_weiter_091203.pdf\" target=\"_blank\">V\u00e4ter kommmen weiter!- Wie M\u00e4nner Beruf und Familie erfolgreich vereinbaren<\/a>&#8218;, Unternehmen Mitte,\u00a0 Basel<\/p>\n<p>18. bis 20.11.2009 <a href=\"http:\/\/www.kinderkrebsinfo.de\/e2260\/e5888\/e5902\/e5938\/index_ger.html\" target=\"_blank\">PSAPOH<\/a> Tagung\u00a0 &#8218;<a href=\"http:\/\/www.vaeter-und-karriere.de\/assets\/psapoh_vaetertagung.pdf\" target=\"_blank\">Umgang mit V\u00e4tern<\/a>&#8218;,\u00a0 Frankfurt<\/p>\n<p>10.11.2009 &#8218;<a href=\"https:\/\/www.equal.ethz.ch\/services\/veranstaltungen\/vaeterveranstalung_2009\/\" target=\"_blank\">Wissenschaftler und Vater?<\/a>&#8218; ETH Z\u00fcrich<\/p>\n<p>29.10.2009 &#8218;<a href=\"http:\/\/www.vaetertagung.de\/\" target=\"_blank\">Starke V\u00e4ter<\/a>&#8218; 3. Tagung zur Arbeit mit V\u00e4tern in der Ruhr Universit\u00e4t Bochum<\/p>\n<p>19. bis 21.10.2009 &#8218;<a href=\"http:\/\/gendermesse.verdi.de\/\" target=\"_blank\">Geschlecht! Gerecht! Genial!<\/a>&#8218; Gendermesse in Berlin<\/p>\n<p>17.10.2009 &#8218;<a href=\"http:\/\/www.vaeter-und-karriere.de\/assets\/einladung-zum-1.-generationsuebergreifenden-va.pdf\" target=\"_blank\">V\u00e4ter wie wir!<\/a>&#8218; erstes Generations\u00fcbergreifendes V\u00e4terforum in Wiesbaden<\/p>\n<p>9.10.2009 <a href=\"http:\/\/www.vaeter-und-karriere.de\/assets\/vaetersymposium-2009.pdf\" target=\"_blank\">&#8218;Die Bedeutung des Vaters rund um die Geburt<\/a>&#8218; Zweites internationales Symposium in Berlin<\/p>\n<p>2.10.2009 &#8218;<a href=\"http:\/\/www.vaeter-und-karriere.de\/assets\/einladungsfleyer-2.10.09.pdf\" target=\"_blank\">V\u00e4terzeit<\/a>&#8218; Tagung im Rathaus Wuppertal Barmen<\/p>\n","protected":false},"excerpt":{"rendered":"<p>An dieser Stelle finden Sie Hinweise auf Veranstaltungen, die von &#8218;V\u00e4ter &amp; Karriere&#8216; und anderen Anbietern zu den Themen: M\u00e4nner, V\u00e4ter, Arbeit und Leben und &#8218;v\u00e4terbewusster Personalpolitik&#8216; durchgef\u00fchrt werden: 2014 19. November 2014 &#8222;5. Impulstagung&#8220; des Aktionsforums M\u00e4nner und Leben in Frankfurt, Haus am Dom 19. und 20. September 2014 &#8222;3. M\u00e4nnertagung &#8211; Seelische Beeintr\u00e4chtigungen [&hellip;]<\/p>\n","protected":false},"author":1,"featured_media":0,"parent":0,"menu_order":0,"comment_status":"open","ping_status":"open","template":"","meta":[],"_links":{"self":[{"href":"https:\/\/vaeter-und-karriere.de\/blog\/index.php\/wp-json\/wp\/v2\/pages\/1626"}],"collection":[{"href":"https:\/\/vaeter-und-karriere.de\/blog\/index.php\/wp-json\/wp\/v2\/pages"}],"about":[{"href":"https:\/\/vaeter-und-karriere.de\/blog\/index.php\/wp-json\/wp\/v2\/types\/page"}],"author":[{"embeddable":true,"href":"https:\/\/vaeter-und-karriere.de\/blog\/index.php\/wp-json\/wp\/v2\/users\/1"}],"replies":[{"embeddable":true,"href":"https:\/\/vaeter-und-karriere.de\/blog\/index.php\/wp-json\/wp\/v2\/comments?post=1626"}],"version-history":[{"count":69,"href":"https:\/\/vaeter-und-karriere.de\/blog\/index.php\/wp-json\/wp\/v2\/pages\/1626\/revisions"}],"predecessor-version":[{"id":2144,"href":"https:\/\/vaeter-und-karriere.de\/blog\/index.php\/wp-json\/wp\/v2\/pages\/1626\/revisions\/2144"}],"wp:attachment":[{"href":"https:\/\/vaeter-und-karriere.de\/blog\/index.php\/wp-json\/wp\/v2\/media?parent=1626"}],"curies":[{"name":"wp","href":"https:\/\/api.w.org\/{rel}","templated":true}]}}